{"id":923,"date":"2023-06-02T10:07:46","date_gmt":"2023-06-02T08:07:46","guid":{"rendered":"https:\/\/shop.kirmesverein.de\/?post_type=product&#038;p=923"},"modified":"2026-04-17T13:41:09","modified_gmt":"2026-04-17T11:41:09","slug":"aufkleber-hammerschmied","status":"publish","type":"product","link":"https:\/\/www.kirmesverein.de\/fanshop\/produkt\/aufkleber-hammerschmied\/","title":{"rendered":"Aufkleber \u201eHammerschmied&#8220;"},"content":{"rendered":"<p><strong>Farbe:<\/strong> mehrfarbig (wei\u00df, rot, blau, schwarz)<br \/>\n<strong>Ausf\u00fchrung:<\/strong> wetterbest\u00e4ndig<br \/>\n<strong>Ma\u00dfe:<\/strong> ca. 16 cm (H) x 8,2 cm (B)<\/p>\n<p><strong>Weitere Artikelinformationen:<\/strong> Dieser Artikel kann nur bei <strong>Euronics Meckel<\/strong> (Mittelstra\u00dfe) abgeholt werden. <strong>Dieser Artikel wird nicht versendet!<\/strong><\/p>\n","protected":false},"excerpt":{"rendered":"<p>60 Jahre Hammerschmied \u2013 das muss gefeiert werden! Und zwar mit unserem neuen Hammerschmied-Aufkleber ToGo. Klebt wie H\u00f6lle, h\u00e4lt jedem Wetter stand und zeigt der Welt, dass Sie Geschmack haben (oder zumindest Humor). Perfekt f\u00fcr alle, die ihr Auto, ihren Laptop oder ihren K\u00fchlschrank mit einem Hauch von Hammerschmied-Legende aufpeppen wollen. Jetzt zugreifen, bevor die Dinger weg sind wie warme Semmeln!<\/p>\n","protected":false},"featured_media":1516,"comment_status":"open","ping_status":"closed","template":"","meta":[],"product_brand":[],"product_cat":[29,26],"product_tag":[28,61,82,81,80,79],"class_list":{"0":"post-923","1":"product","2":"type-product","3":"status-publish","4":"has-post-thumbnail","6":"product_cat-alles-fuers-auto","7":"product_cat-aufkleber","8":"product_tag-aufkleber","9":"product_tag-autoaufkleber","10":"product_tag-hammerschmied","11":"product_tag-kuehlschrankaufkleber","12":"product_tag-laptopaufkleber","13":"product_tag-sticker","15":"first","16":"instock","17":"taxable","18":"shipping-taxable","19":"purchasable","20":"product-type-simple"},"_links":{"self":[{"href":"https:\/\/www.kirmesverein.de\/fanshop\/wp-json\/wp\/v2\/product\/923","targetHints":{"allow":["GET"]}}],"collection":[{"href":"https:\/\/www.kirmesverein.de\/fanshop\/wp-json\/wp\/v2\/product"}],"about":[{"href":"https:\/\/www.kirmesverein.de\/fanshop\/wp-json\/wp\/v2\/types\/product"}],"replies":[{"embeddable":true,"href":"https:\/\/www.kirmesverein.de\/fanshop\/wp-json\/wp\/v2\/comments?post=923"}],"wp:featuredmedia":[{"embeddable":true,"href":"https:\/\/www.kirmesverein.de\/fanshop\/wp-json\/wp\/v2\/media\/1516"}],"wp:attachment":[{"href":"https:\/\/www.kirmesverein.de\/fanshop\/wp-json\/wp\/v2\/media?parent=923"}],"wp:term":[{"taxonomy":"product_brand","embeddable":true,"href":"https:\/\/www.kirmesverein.de\/fanshop\/wp-json\/wp\/v2\/product_brand?post=923"},{"taxonomy":"product_cat","embeddable":true,"href":"https:\/\/www.kirmesverein.de\/fanshop\/wp-json\/wp\/v2\/product_cat?post=923"},{"taxonomy":"product_tag","embeddable":true,"href":"https:\/\/www.kirmesverein.de\/fanshop\/wp-json\/wp\/v2\/product_tag?post=923"}],"curies":[{"name":"wp","href":"https:\/\/api.w.org\/{rel}","templated":true}]}}