{"id":704,"date":"2022-05-24T09:33:14","date_gmt":"2022-05-24T07:33:14","guid":{"rendered":"https:\/\/shop.kirmesverein.de\/?post_type=product&#038;p=704"},"modified":"2026-04-20T06:30:04","modified_gmt":"2026-04-20T04:30:04","slug":"kaffeetasse-gevelsberger-kirmes","status":"publish","type":"product","link":"https:\/\/www.kirmesverein.de\/fanshop\/produkt\/kaffeetasse-gevelsberger-kirmes\/","title":{"rendered":"Kaffeetasse &#8222;Gevelsberger Kirmes&#8220;"},"content":{"rendered":"<p><strong>Inhalt:<\/strong> 300 ml<strong><br \/>\nGrundfarbe (Tasse):<\/strong> wei\u00df<br \/>\n<strong>Akzentfarbe (Tasse):<\/strong> schwarz<br \/>\n<strong>Sp\u00fclmaschinenfest:<\/strong> ja<\/p>\n<p><strong>Weitere Artikelinformationen:<\/strong> Dieser Artikel kann nur bei <strong>Euronics Meckel<\/strong> (Mittelstra\u00dfe) abgeholt werden. <strong>Dieser Artikel wird nicht versendet!<\/strong><\/p>\n","protected":false},"excerpt":{"rendered":"<p>Achtung! Diese Kaffeetasse kann zu akuten Kirmes-Flashbacks f\u00fchren. Wenn du daraus trinkst, k\u00f6nnten pl\u00f6tzlich Erinnerungen an gebrannte Mandeln, Karussellfahrten und fr\u00f6hliche Menschen in dir aufsteigen. Aber keine Sorge, das ist nur der \u201eGevelsberger Kirmes\u201c-Effekt. Diese Tasse ist mehr als nur ein Gef\u00e4\u00df f\u00fcr dein Hei\u00dfgetr\u00e4nk \u2013 sie ist ein Stimmungsaufheller, ein Gute-Laune-Booster und ein Garant f\u00fcr positive Vibes. Selbst wenn die 5 tollen Kirmestage viel zu schnell vorbeigeflogen sind, diese Tasse weckt die Vorfreude auf die n\u00e4chste \u201eschr\u00e4ge\u201c Kirmes. (Und wer wei\u00df, vielleicht schmeckt der Kaffee daraus ja sogar nach gebrannten Mandeln?)<\/p>\n","protected":false},"featured_media":1534,"comment_status":"open","ping_status":"closed","template":"","meta":[],"product_brand":[],"product_cat":[63],"product_tag":[74,75,72,78,73,76,77],"class_list":{"0":"post-704","1":"product","2":"type-product","3":"status-publish","4":"has-post-thumbnail","6":"product_cat-tassen","7":"product_tag-becher","8":"product_tag-kaffeebecher","9":"product_tag-kaffeetasse","10":"product_tag-keramiktasse","11":"product_tag-tasse","12":"product_tag-teetasse","13":"product_tag-trinkbecher","15":"first","16":"instock","17":"taxable","18":"shipping-taxable","19":"purchasable","20":"product-type-simple"},"_links":{"self":[{"href":"https:\/\/www.kirmesverein.de\/fanshop\/wp-json\/wp\/v2\/product\/704","targetHints":{"allow":["GET"]}}],"collection":[{"href":"https:\/\/www.kirmesverein.de\/fanshop\/wp-json\/wp\/v2\/product"}],"about":[{"href":"https:\/\/www.kirmesverein.de\/fanshop\/wp-json\/wp\/v2\/types\/product"}],"replies":[{"embeddable":true,"href":"https:\/\/www.kirmesverein.de\/fanshop\/wp-json\/wp\/v2\/comments?post=704"}],"wp:featuredmedia":[{"embeddable":true,"href":"https:\/\/www.kirmesverein.de\/fanshop\/wp-json\/wp\/v2\/media\/1534"}],"wp:attachment":[{"href":"https:\/\/www.kirmesverein.de\/fanshop\/wp-json\/wp\/v2\/media?parent=704"}],"wp:term":[{"taxonomy":"product_brand","embeddable":true,"href":"https:\/\/www.kirmesverein.de\/fanshop\/wp-json\/wp\/v2\/product_brand?post=704"},{"taxonomy":"product_cat","embeddable":true,"href":"https:\/\/www.kirmesverein.de\/fanshop\/wp-json\/wp\/v2\/product_cat?post=704"},{"taxonomy":"product_tag","embeddable":true,"href":"https:\/\/www.kirmesverein.de\/fanshop\/wp-json\/wp\/v2\/product_tag?post=704"}],"curies":[{"name":"wp","href":"https:\/\/api.w.org\/{rel}","templated":true}]}}