{"id":67,"date":"2025-01-07T08:00:17","date_gmt":"2025-01-07T07:00:17","guid":{"rendered":"https:\/\/shop.kirmesverein.de\/?post_type=product&#038;p=67"},"modified":"2026-04-17T13:50:48","modified_gmt":"2026-04-17T11:50:48","slug":"gartenfahne","status":"publish","type":"product","link":"https:\/\/www.kirmesverein.de\/fanshop\/produkt\/gartenfahne\/","title":{"rendered":"Gartenfahne &#8222;Kirmes&#8220; (1,20 x 0,8 m)"},"content":{"rendered":"<p><strong>Ma\u00dfe:<\/strong> 1,20 m x 0,80 m<br \/>\n<strong>Material:<\/strong> 115g Polyester-Fahnenstoff<br \/>\n<strong>Ausf\u00fchrung:<\/strong> Hohlsaum links 3 cm (Hohlsaum oben zugen\u00e4ht)<\/p>\n<p><strong>Weitere Artikelinformationen:<\/strong> Dieser Artikel kann nur bei <strong>Euronics Meckel<\/strong> (Mittelstra\u00dfe) abgeholt werden. <strong>Dieser Artikel wird nicht versendet!<\/strong><\/p>\n","protected":false},"excerpt":{"rendered":"<p>Zeig Flagge \u2013 und zwar Kirmesflagge! Sp\u00e4testens Ende Juni ist sie wieder \u00fcberall in Gevelsberg zu sehen: Die gro\u00dfe Kirmesfahne. Jetzt kannst du dein Zuhause in eine offizielle Kirmes-Dependance verwandeln. Egal ob Garten, Terrasse, Balkon oder einfach aus dem Fenster geh\u00e4ngt \u2013 diese Fahne macht klar: Hier wohnt ein echter Kirmes-Fan. (Lieferung ohne Fahnenmast. Musst du dir selbst organisieren. Vielleicht beim Nachbarn \u201eausleihen\u201c? ) Mach dein Zuhause zum Teil der \u201eschr\u00e4gsten Kirmes Europas\u201c!<\/p>\n","protected":false},"featured_media":1522,"comment_status":"open","ping_status":"closed","template":"","meta":[],"product_brand":[],"product_cat":[23],"product_tag":[70,68,24,71,25,69,67,65,66],"class_list":{"0":"post-67","1":"product","2":"type-product","3":"status-publish","4":"has-post-thumbnail","6":"product_cat-fahnen-flaggen","7":"product_tag-balkonfahne","8":"product_tag-deko-fahne","9":"product_tag-fahne","10":"product_tag-fensterfahne","11":"product_tag-flagge","12":"product_tag-gartenfahne","13":"product_tag-gevelsberger-kirmes-fahne","14":"product_tag-kirmesfahne","15":"product_tag-kirmesflagge","17":"first","18":"instock","19":"taxable","20":"shipping-taxable","21":"purchasable","22":"product-type-simple"},"_links":{"self":[{"href":"https:\/\/www.kirmesverein.de\/fanshop\/wp-json\/wp\/v2\/product\/67","targetHints":{"allow":["GET"]}}],"collection":[{"href":"https:\/\/www.kirmesverein.de\/fanshop\/wp-json\/wp\/v2\/product"}],"about":[{"href":"https:\/\/www.kirmesverein.de\/fanshop\/wp-json\/wp\/v2\/types\/product"}],"replies":[{"embeddable":true,"href":"https:\/\/www.kirmesverein.de\/fanshop\/wp-json\/wp\/v2\/comments?post=67"}],"wp:featuredmedia":[{"embeddable":true,"href":"https:\/\/www.kirmesverein.de\/fanshop\/wp-json\/wp\/v2\/media\/1522"}],"wp:attachment":[{"href":"https:\/\/www.kirmesverein.de\/fanshop\/wp-json\/wp\/v2\/media?parent=67"}],"wp:term":[{"taxonomy":"product_brand","embeddable":true,"href":"https:\/\/www.kirmesverein.de\/fanshop\/wp-json\/wp\/v2\/product_brand?post=67"},{"taxonomy":"product_cat","embeddable":true,"href":"https:\/\/www.kirmesverein.de\/fanshop\/wp-json\/wp\/v2\/product_cat?post=67"},{"taxonomy":"product_tag","embeddable":true,"href":"https:\/\/www.kirmesverein.de\/fanshop\/wp-json\/wp\/v2\/product_tag?post=67"}],"curies":[{"name":"wp","href":"https:\/\/api.w.org\/{rel}","templated":true}]}}