{"id":531,"date":"2022-05-03T15:52:08","date_gmt":"2022-05-03T13:52:08","guid":{"rendered":"https:\/\/shop.kirmesverein.de\/?post_type=product&#038;p=531"},"modified":"2026-04-17T13:44:24","modified_gmt":"2026-04-17T11:44:24","slug":"aufkleber-gevelsberger-kirmes","status":"publish","type":"product","link":"https:\/\/www.kirmesverein.de\/fanshop\/produkt\/aufkleber-gevelsberger-kirmes\/","title":{"rendered":"Aufkleber \u201eGevelsberger Kirmes\u201c"},"content":{"rendered":"<p><strong>Ma\u00dfe:<\/strong> \u00d8 ca. 10 cm<br \/>\n<strong>Farbe:<\/strong> bunt<br \/>\n<strong>Ausf\u00fchrung:<\/strong> wetterbest\u00e4ndig<\/p>\n<p><strong>Weitere Artikelinformationen:<\/strong> Dieser Artikel kann nur bei <strong>Euronics Meckel<\/strong> (Mittelstra\u00dfe) abgeholt werden. <strong>Dieser Artikel wird nicht versendet!<\/strong><\/p>\n","protected":false},"excerpt":{"rendered":"<p>Die schr\u00e4gste Kirmes Europas braucht den schr\u00e4gsten Aufkleber! Und hier ist er. Aber Achtung, beim Aufkleben ist K\u00f6pfchen gefragt: Die Figur muss <em>gerade<\/em> sein, damit der Text so richtig sch\u00f6n <em>schr\u00e4g<\/em> wird. Klingt kompliziert? Ist es aber nicht. Versprochen! (Oder zumindest fast.) Zeig der Welt, dass du den Dreh raus hast \u2013 mit diesem einzigartigen Aufkleber, der die Gevelsberger Kirmes perfekt repr\u00e4sentiert.<\/p>\n","protected":false},"featured_media":1518,"comment_status":"open","ping_status":"closed","template":"","meta":[],"product_brand":[],"product_cat":[29,26],"product_tag":[28,61],"class_list":{"0":"post-531","1":"product","2":"type-product","3":"status-publish","4":"has-post-thumbnail","6":"product_cat-alles-fuers-auto","7":"product_cat-aufkleber","8":"product_tag-aufkleber","9":"product_tag-autoaufkleber","11":"first","12":"instock","13":"taxable","14":"shipping-taxable","15":"purchasable","16":"product-type-simple"},"_links":{"self":[{"href":"https:\/\/www.kirmesverein.de\/fanshop\/wp-json\/wp\/v2\/product\/531","targetHints":{"allow":["GET"]}}],"collection":[{"href":"https:\/\/www.kirmesverein.de\/fanshop\/wp-json\/wp\/v2\/product"}],"about":[{"href":"https:\/\/www.kirmesverein.de\/fanshop\/wp-json\/wp\/v2\/types\/product"}],"replies":[{"embeddable":true,"href":"https:\/\/www.kirmesverein.de\/fanshop\/wp-json\/wp\/v2\/comments?post=531"}],"wp:featuredmedia":[{"embeddable":true,"href":"https:\/\/www.kirmesverein.de\/fanshop\/wp-json\/wp\/v2\/media\/1518"}],"wp:attachment":[{"href":"https:\/\/www.kirmesverein.de\/fanshop\/wp-json\/wp\/v2\/media?parent=531"}],"wp:term":[{"taxonomy":"product_brand","embeddable":true,"href":"https:\/\/www.kirmesverein.de\/fanshop\/wp-json\/wp\/v2\/product_brand?post=531"},{"taxonomy":"product_cat","embeddable":true,"href":"https:\/\/www.kirmesverein.de\/fanshop\/wp-json\/wp\/v2\/product_cat?post=531"},{"taxonomy":"product_tag","embeddable":true,"href":"https:\/\/www.kirmesverein.de\/fanshop\/wp-json\/wp\/v2\/product_tag?post=531"}],"curies":[{"name":"wp","href":"https:\/\/api.w.org\/{rel}","templated":true}]}}