{"id":1398,"date":"2026-04-16T14:40:23","date_gmt":"2026-04-16T12:40:23","guid":{"rendered":"https:\/\/shop.kirmesverein.de\/?post_type=product&#038;p=1398"},"modified":"2026-04-20T06:30:04","modified_gmt":"2026-04-20T04:30:04","slug":"kirmesplakette-2026","status":"publish","type":"product","link":"https:\/\/www.kirmesverein.de\/fanshop\/produkt\/kirmesplakette-2026\/","title":{"rendered":"Kirmesplakette 2026"},"content":{"rendered":"<p><strong>Material:<\/strong>\u00a0Kunststoff<br \/>\n<strong>Farbe:<\/strong> wei\u00df\/schwarz<\/p>\n<p><strong>Weitere Artikelinformationen:<\/strong>\u00a0Dieser Artikel kann nur bei\u00a0<strong>Euronics Meckel<\/strong>\u00a0(Mittelstra\u00dfe) abgeholt werden.\u00a0<strong>Dieser Artikel wird nicht versendet!<\/strong><\/p>\n","protected":false},"excerpt":{"rendered":"<p data-path-to-node=\"18\">Vergiss Goldbarren oder Aktienpakete. Wenn du in Gevelsberg wirklich investieren willst, dann in die <b data-path-to-node=\"18\" data-index-in-node=\"101\">Plakette 2026<\/b>. Sie ist der heilige Gral f\u00fcr alle, die wissen, dass \u201eschr\u00e4g\u201c in dieser Stadt ein Kompliment ist.<\/p>\n<ul data-path-to-node=\"19\">\n<li>\n<p data-path-to-node=\"19,0,0\"><b data-path-to-node=\"19,0,0\" data-index-in-node=\"0\">Antike Briefmarken?<\/b> G\u00e4\u00e4\u00e4hn.<\/p>\n<\/li>\n<li>\n<p data-path-to-node=\"19,1,0\"><b data-path-to-node=\"19,1,0\" data-index-in-node=\"0\">M\u00fcnzsammlungen?<\/b> Langweilig.<\/p>\n<\/li>\n<li>\n<p data-path-to-node=\"19,2,0\"><b data-path-to-node=\"19,2,0\" data-index-in-node=\"0\">Gevelsberger Kirmesplakette?<\/b> PURE EKSTASE!<\/p>\n<\/li>\n<\/ul>\n<p data-path-to-node=\"20\">Sichere dir jetzt dein Ticket in den Wahnsinn. Tauch ein in den legend\u00e4ren Charme, den L\u00e4rm und die Liebe zum Berg. <b data-path-to-node=\"20\" data-index-in-node=\"116\">Jetzt zugreifen oder das ganze Jahr bereuen!<\/b><\/p>\n<hr \/>\n<p><em>&#8222;Ballermann\u00ae&#8220; ist eine gesch\u00fctzte Marke! Nutzung mit freundlicher Genehmigung der A. Engelhardt-Markenkonzepte GmbH und der Ballermann\u00aeRanch.<\/em><\/p>\n","protected":false},"featured_media":1523,"comment_status":"open","ping_status":"closed","template":"","meta":[],"product_brand":[],"product_cat":[27],"product_tag":[34],"class_list":{"0":"post-1398","1":"product","2":"type-product","3":"status-publish","4":"has-post-thumbnail","6":"product_cat-kirmesplaketten","7":"product_tag-plakette","9":"first","10":"instock","11":"taxable","12":"shipping-taxable","13":"purchasable","14":"product-type-simple"},"_links":{"self":[{"href":"https:\/\/www.kirmesverein.de\/fanshop\/wp-json\/wp\/v2\/product\/1398","targetHints":{"allow":["GET"]}}],"collection":[{"href":"https:\/\/www.kirmesverein.de\/fanshop\/wp-json\/wp\/v2\/product"}],"about":[{"href":"https:\/\/www.kirmesverein.de\/fanshop\/wp-json\/wp\/v2\/types\/product"}],"replies":[{"embeddable":true,"href":"https:\/\/www.kirmesverein.de\/fanshop\/wp-json\/wp\/v2\/comments?post=1398"}],"wp:featuredmedia":[{"embeddable":true,"href":"https:\/\/www.kirmesverein.de\/fanshop\/wp-json\/wp\/v2\/media\/1523"}],"wp:attachment":[{"href":"https:\/\/www.kirmesverein.de\/fanshop\/wp-json\/wp\/v2\/media?parent=1398"}],"wp:term":[{"taxonomy":"product_brand","embeddable":true,"href":"https:\/\/www.kirmesverein.de\/fanshop\/wp-json\/wp\/v2\/product_brand?post=1398"},{"taxonomy":"product_cat","embeddable":true,"href":"https:\/\/www.kirmesverein.de\/fanshop\/wp-json\/wp\/v2\/product_cat?post=1398"},{"taxonomy":"product_tag","embeddable":true,"href":"https:\/\/www.kirmesverein.de\/fanshop\/wp-json\/wp\/v2\/product_tag?post=1398"}],"curies":[{"name":"wp","href":"https:\/\/api.w.org\/{rel}","templated":true}]}}