{"id":101,"date":"2021-04-27T11:02:17","date_gmt":"2021-04-27T09:02:17","guid":{"rendered":"https:\/\/shop.kirmesverein.de\/?post_type=product&#038;p=101"},"modified":"2026-04-17T13:49:03","modified_gmt":"2026-04-17T11:49:03","slug":"kennzeichenhalter","status":"publish","type":"product","link":"https:\/\/www.kirmesverein.de\/fanshop\/produkt\/kennzeichenhalter\/","title":{"rendered":"Kennzeichenhalter"},"content":{"rendered":"<p><strong>Gr\u00f6\u00dfe:<\/strong> Standardgr\u00f6\u00dfe, passend f\u00fcr alle Kennzeichen im EU Format 520x110mm<br \/>\n<strong>Au\u00dfenma\u00dfe:<\/strong> 525 x 132 x 10mm<br \/>\n<strong>Grundmaterial:<\/strong> Kunststoff PP (Polypropylen) Leiste ABS, das Produkt ist voll recyclingf\u00e4hig<br \/>\n<strong>Eigenschaften:<\/strong> Hochwertiger UV-best\u00e4ndiger, bruchsicherer Kunststofff<br \/>\n<strong>System:<\/strong> 2-teiliger Kennzeichenrahmen bestehend aus Grundplatte + Steckleiste<br \/>\n<strong>Lochbild:<\/strong> Passendes Lochbild f\u00fcr alle g\u00e4ngigen Fahrzeugmodelle und Marken<br \/>\n<strong>Montage:<\/strong> Einfach Montage und Demontage. Kein Bohren und Schrauben am Kennzeichen n\u00f6tig<br \/>\n<strong>Qualit\u00e4t:<\/strong> Made in Germany<\/p>\n<p><strong>Weitere Artikelinformationen:<\/strong> Dieser Artikel kann nur bei <strong>Euronics Meckel<\/strong> (Mittelstra\u00dfe) abgeholt werden. <strong>Dieser Artikel wird nicht versendet!<\/strong><\/p>\n","protected":false},"excerpt":{"rendered":"<p class=\"p1\"><span class=\"s1\">Ein Kennzeichenhalter ist gut, zwei sind besser! Deshalb gibt\u2019s unsere Kirmes-Kennzeichenhalter direkt im<strong> Doppelpack.<\/strong> So kannst du sicherstellen, dass dein Auto von allen Seiten zeigt, wof\u00fcr dein Herz schl\u00e4gt: Die Gevelsberger Kirmes! Mit dem coolen Spruch \u201eDie schr\u00e4gste Kirmes in Europa\u201c und der passenden Webseite \u201eschraegekirmes.de\u201c machst du \u00fcberall Eindruck. Schwarz und schick \u2013 ein Muss f\u00fcr jeden Kirmes-Fan.<\/span><\/p>\n<p>&nbsp;<\/p>\n","protected":false},"featured_media":1521,"comment_status":"open","ping_status":"closed","template":"","meta":[],"product_brand":[],"product_cat":[29],"product_tag":[30,31,33,32],"class_list":{"0":"post-101","1":"product","2":"type-product","3":"status-publish","4":"has-post-thumbnail","6":"product_cat-alles-fuers-auto","7":"product_tag-auto","8":"product_tag-halter","9":"product_tag-kennzeichen","10":"product_tag-nummernschild","12":"first","13":"instock","14":"taxable","15":"shipping-taxable","16":"purchasable","17":"product-type-simple"},"_links":{"self":[{"href":"https:\/\/www.kirmesverein.de\/fanshop\/wp-json\/wp\/v2\/product\/101","targetHints":{"allow":["GET"]}}],"collection":[{"href":"https:\/\/www.kirmesverein.de\/fanshop\/wp-json\/wp\/v2\/product"}],"about":[{"href":"https:\/\/www.kirmesverein.de\/fanshop\/wp-json\/wp\/v2\/types\/product"}],"replies":[{"embeddable":true,"href":"https:\/\/www.kirmesverein.de\/fanshop\/wp-json\/wp\/v2\/comments?post=101"}],"wp:featuredmedia":[{"embeddable":true,"href":"https:\/\/www.kirmesverein.de\/fanshop\/wp-json\/wp\/v2\/media\/1521"}],"wp:attachment":[{"href":"https:\/\/www.kirmesverein.de\/fanshop\/wp-json\/wp\/v2\/media?parent=101"}],"wp:term":[{"taxonomy":"product_brand","embeddable":true,"href":"https:\/\/www.kirmesverein.de\/fanshop\/wp-json\/wp\/v2\/product_brand?post=101"},{"taxonomy":"product_cat","embeddable":true,"href":"https:\/\/www.kirmesverein.de\/fanshop\/wp-json\/wp\/v2\/product_cat?post=101"},{"taxonomy":"product_tag","embeddable":true,"href":"https:\/\/www.kirmesverein.de\/fanshop\/wp-json\/wp\/v2\/product_tag?post=101"}],"curies":[{"name":"wp","href":"https:\/\/api.w.org\/{rel}","templated":true}]}}