{"id":710,"date":"2022-05-24T09:50:35","date_gmt":"2022-05-24T07:50:35","guid":{"rendered":"https:\/\/shop.kirmesverein.de\/?page_id=710"},"modified":"2026-04-17T16:04:30","modified_gmt":"2026-04-17T14:04:30","slug":"kirmes-tassen","status":"publish","type":"page","link":"https:\/\/www.kirmesverein.de\/fanshop\/kirmes-tassen\/","title":{"rendered":"Kirmes-Tassen"},"content":{"rendered":"\n<p>Starte jeden Tag mit einer ordentlichen Portion Vorfreude auf die schr\u00e4gste Kirmes in Europa! Ob f\u00fcr den ersten Kaffee am Morgen oder den Gl\u00fchwein in der kalten Jahreszeit \u2013 unsere Tassen bringen das echte Kirmes-Gef\u00fchl direkt an deinen K\u00fcchentisch. Entdecke unsere hochwertigen Designs, die dein Lieblingsgetr\u00e4nk zum echten Fan-Moment machen. Hol dir den Kult-Becher f\u00fcr Zuhause oder als ideales Geschenk f\u00fcr Kirmesfreunde!<\/p>\n\n\n<div data-block-name=\"woocommerce\/product-category\" data-categories=\"[63]\" class=\"wc-block-grid wp-block-product-category wp-block-woocommerce-product-category wc-block-product-category has-3-columns has-multiple-rows\"><ul class=\"wc-block-grid__products\"><li class=\"wc-block-grid__product\">\n\t\t\t\t<a href=\"https:\/\/www.kirmesverein.de\/fanshop\/produkt\/kaffeetasse-kirmestor\/\" class=\"wc-block-grid__product-link\">\n\t\t\t\t\t\n\t\t\t\t\t<div class=\"wc-block-grid__product-image\"><img loading=\"lazy\" decoding=\"async\" width=\"300\" height=\"300\" src=\"https:\/\/www.kirmesverein.de\/fanshop\/wp-content\/uploads\/2023\/08\/kirmesverein-fanshop-tasse-kirmestor-02-300x300.jpg\" class=\"attachment-woocommerce_thumbnail size-woocommerce_thumbnail\" alt=\"Kaffeetasse &quot;Kirmestor&quot;\" srcset=\"https:\/\/www.kirmesverein.de\/fanshop\/wp-content\/uploads\/2023\/08\/kirmesverein-fanshop-tasse-kirmestor-02-300x300.jpg 300w, https:\/\/www.kirmesverein.de\/fanshop\/wp-content\/uploads\/2023\/08\/kirmesverein-fanshop-tasse-kirmestor-02-1024x1024.jpg 1024w, https:\/\/www.kirmesverein.de\/fanshop\/wp-content\/uploads\/2023\/08\/kirmesverein-fanshop-tasse-kirmestor-02-150x150.jpg 150w, https:\/\/www.kirmesverein.de\/fanshop\/wp-content\/uploads\/2023\/08\/kirmesverein-fanshop-tasse-kirmestor-02-768x768.jpg 768w, https:\/\/www.kirmesverein.de\/fanshop\/wp-content\/uploads\/2023\/08\/kirmesverein-fanshop-tasse-kirmestor-02-24x24.jpg 24w, https:\/\/www.kirmesverein.de\/fanshop\/wp-content\/uploads\/2023\/08\/kirmesverein-fanshop-tasse-kirmestor-02-36x36.jpg 36w, https:\/\/www.kirmesverein.de\/fanshop\/wp-content\/uploads\/2023\/08\/kirmesverein-fanshop-tasse-kirmestor-02-48x48.jpg 48w, https:\/\/www.kirmesverein.de\/fanshop\/wp-content\/uploads\/2023\/08\/kirmesverein-fanshop-tasse-kirmestor-02-600x600.jpg 600w, https:\/\/www.kirmesverein.de\/fanshop\/wp-content\/uploads\/2023\/08\/kirmesverein-fanshop-tasse-kirmestor-02-100x100.jpg 100w, https:\/\/www.kirmesverein.de\/fanshop\/wp-content\/uploads\/2023\/08\/kirmesverein-fanshop-tasse-kirmestor-02.jpg 1200w\" sizes=\"auto, (max-width: 300px) 100vw, 300px\" \/><\/div>\n\t\t\t\t\t<div class=\"wc-block-grid__product-title\">Kaffeetasse &#8222;Kirmestor&#8220;<\/div>\n\t\t\t\t<\/a>\n\t\t\t\t<div class=\"wc-block-grid__product-price price\"><span class=\"woocommerce-Price-amount amount\">9,50&nbsp;<span class=\"woocommerce-Price-currencySymbol\">&euro;<\/span><\/span> <small class=\"woocommerce-price-suffix\">inkl. MwSt.<\/small><\/div>\n\t\t\t\t\n\t\t\t\t<div class=\"wp-block-button wc-block-grid__product-add-to-cart\"><a href=\"\/fanshop\/wp-json\/wp\/v2\/pages\/710?add-to-cart=978\" aria-label=\"In den Warenkorb legen: \u201eKaffeetasse &quot;Kirmestor&quot;\u201c\" data-quantity=\"1\" data-product_id=\"978\" data-product_sku=\"KTKT23\" data-price=\"9.5\" rel=\"nofollow\" class=\"wp-block-button__link  add_to_cart_button ajax_add_to_cart\">In den Warenkorb<\/a><\/div>\n\t\t\t<\/li><li class=\"wc-block-grid__product\">\n\t\t\t\t<a href=\"https:\/\/www.kirmesverein.de\/fanshop\/produkt\/kaffeetasse-gevelsberger-kirmes\/\" class=\"wc-block-grid__product-link\">\n\t\t\t\t\t\n\t\t\t\t\t<div class=\"wc-block-grid__product-image\"><img loading=\"lazy\" decoding=\"async\" width=\"300\" height=\"300\" src=\"https:\/\/www.kirmesverein.de\/fanshop\/wp-content\/uploads\/2022\/05\/kirmesverein-fanshop-tasse-kirmes-01-300x300.jpg\" class=\"attachment-woocommerce_thumbnail size-woocommerce_thumbnail\" alt=\"Kaffeetasse &quot;Gevelsberger Kirmes&quot;\" srcset=\"https:\/\/www.kirmesverein.de\/fanshop\/wp-content\/uploads\/2022\/05\/kirmesverein-fanshop-tasse-kirmes-01-300x300.jpg 300w, https:\/\/www.kirmesverein.de\/fanshop\/wp-content\/uploads\/2022\/05\/kirmesverein-fanshop-tasse-kirmes-01-1024x1024.jpg 1024w, https:\/\/www.kirmesverein.de\/fanshop\/wp-content\/uploads\/2022\/05\/kirmesverein-fanshop-tasse-kirmes-01-150x150.jpg 150w, https:\/\/www.kirmesverein.de\/fanshop\/wp-content\/uploads\/2022\/05\/kirmesverein-fanshop-tasse-kirmes-01-768x768.jpg 768w, https:\/\/www.kirmesverein.de\/fanshop\/wp-content\/uploads\/2022\/05\/kirmesverein-fanshop-tasse-kirmes-01-24x24.jpg 24w, https:\/\/www.kirmesverein.de\/fanshop\/wp-content\/uploads\/2022\/05\/kirmesverein-fanshop-tasse-kirmes-01-36x36.jpg 36w, https:\/\/www.kirmesverein.de\/fanshop\/wp-content\/uploads\/2022\/05\/kirmesverein-fanshop-tasse-kirmes-01-48x48.jpg 48w, https:\/\/www.kirmesverein.de\/fanshop\/wp-content\/uploads\/2022\/05\/kirmesverein-fanshop-tasse-kirmes-01-600x600.jpg 600w, https:\/\/www.kirmesverein.de\/fanshop\/wp-content\/uploads\/2022\/05\/kirmesverein-fanshop-tasse-kirmes-01-100x100.jpg 100w, https:\/\/www.kirmesverein.de\/fanshop\/wp-content\/uploads\/2022\/05\/kirmesverein-fanshop-tasse-kirmes-01.jpg 1200w\" sizes=\"auto, (max-width: 300px) 100vw, 300px\" \/><\/div>\n\t\t\t\t\t<div class=\"wc-block-grid__product-title\">Kaffeetasse &#8222;Gevelsberger Kirmes&#8220;<\/div>\n\t\t\t\t<\/a>\n\t\t\t\t<div class=\"wc-block-grid__product-price price\"><span class=\"woocommerce-Price-amount amount\">9,50&nbsp;<span class=\"woocommerce-Price-currencySymbol\">&euro;<\/span><\/span> <small class=\"woocommerce-price-suffix\">inkl. MwSt.<\/small><\/div>\n\t\t\t\t\n\t\t\t\t<div class=\"wp-block-button wc-block-grid__product-add-to-cart\"><a href=\"\/fanshop\/wp-json\/wp\/v2\/pages\/710?add-to-cart=704\" aria-label=\"In den Warenkorb legen: \u201eKaffeetasse &quot;Gevelsberger Kirmes&quot;\u201c\" data-quantity=\"1\" data-product_id=\"704\" data-product_sku=\"KTGK22\" data-price=\"9.5\" rel=\"nofollow\" class=\"wp-block-button__link  add_to_cart_button ajax_add_to_cart\">In den Warenkorb<\/a><\/div>\n\t\t\t<\/li><\/ul><\/div>\n\n\n<p class=\"has-vivid-red-color has-text-color has-link-color wp-elements-bc4a4e7729f760e2805511e743ca3a06\"><em>Alle Artikel k\u00f6nnen <strong>nach Bestellung &#8211; am n\u00e4chsten Werktag &#8211;<\/strong> (innerhalb der \u00d6ffnungszeiten) bei Euronics Meckel in der Mittelstra\u00dfe 34 (58285 Gevelsberg) abgeholt werden. <mark style=\"background-color:rgba(0, 0, 0, 0)\" class=\"has-inline-color has-luminous-vivid-orange-color\"><\/mark>Bitte beachtet die <a href=\"https:\/\/www.euronics.de\/gevelsberg-meckel\/\" data-type=\"URL\" data-id=\"https:\/\/www.euronics.de\/gevelsberg-meckel\/\" target=\"_blank\" rel=\"noreferrer noopener\">\u00d6ffnungszeiten von Euronics Meckel. (Mo-Fr.: 09:00 &#8211; 13:00 Uhr und 15:00 &#8211; 18:30 Uhr | Sa.: 09:00 &#8211; 13:00 Uhr)<\/a><\/em><\/p>\n","protected":false},"excerpt":{"rendered":"<p>Starte jeden Tag mit einer ordentlichen Portion Vorfreude auf die schr\u00e4gste Kirmes in Europa! Ob f\u00fcr den ersten Kaffee am Morgen oder den Gl\u00fchwein in der kalten Jahreszeit \u2013 unsere Tassen bringen das echte Kirmes-Gef\u00fchl direkt an deinen K\u00fcchentisch. Entdecke unsere hochwertigen Designs, die dein Lieblingsgetr\u00e4nk zum echten Fan-Moment machen. Hol dir den Kult-Becher f\u00fcr [&hellip;]<\/p>\n","protected":false},"author":1,"featured_media":0,"parent":0,"menu_order":0,"comment_status":"closed","ping_status":"closed","template":"","meta":{"footnotes":""},"class_list":["post-710","page","type-page","status-publish","hentry"],"_links":{"self":[{"href":"https:\/\/www.kirmesverein.de\/fanshop\/wp-json\/wp\/v2\/pages\/710","targetHints":{"allow":["GET"]}}],"collection":[{"href":"https:\/\/www.kirmesverein.de\/fanshop\/wp-json\/wp\/v2\/pages"}],"about":[{"href":"https:\/\/www.kirmesverein.de\/fanshop\/wp-json\/wp\/v2\/types\/page"}],"author":[{"embeddable":true,"href":"https:\/\/www.kirmesverein.de\/fanshop\/wp-json\/wp\/v2\/users\/1"}],"replies":[{"embeddable":true,"href":"https:\/\/www.kirmesverein.de\/fanshop\/wp-json\/wp\/v2\/comments?post=710"}],"version-history":[{"count":0,"href":"https:\/\/www.kirmesverein.de\/fanshop\/wp-json\/wp\/v2\/pages\/710\/revisions"}],"wp:attachment":[{"href":"https:\/\/www.kirmesverein.de\/fanshop\/wp-json\/wp\/v2\/media?parent=710"}],"curies":[{"name":"wp","href":"https:\/\/api.w.org\/{rel}","templated":true}]}}