{"id":631,"date":"2022-05-06T09:21:02","date_gmt":"2022-05-06T07:21:02","guid":{"rendered":"https:\/\/shop.kirmesverein.de\/?page_id=631"},"modified":"2026-04-17T16:03:59","modified_gmt":"2026-04-17T14:03:59","slug":"kirmes-plaketten","status":"publish","type":"page","link":"https:\/\/www.kirmesverein.de\/fanshop\/kirmes-plaketten\/","title":{"rendered":"Kirmes-Plaketten"},"content":{"rendered":"\n<p>Hol dir das ultimative Sammlerst\u00fcck der schr\u00e4gsten Kirmes in Europa direkt nach Hause! Unsere hochwertigen Plaketten sind das traditionelle Erkennungsmerkmal f\u00fcr echte Fans und geh\u00f6ren an jede stolze Brust oder in die Vitrine. Entdecke die detailreichen Designs, die jedes Jahr aufs Neue die Geschichte unseres Kult-Events erz\u00e4hlen. Sichere dir dein Exemplar und trag ein gl\u00e4nzendes St\u00fcck Kirmestradition immer bei dir!<\/p>\n\n\n<div data-block-name=\"woocommerce\/product-category\" data-categories=\"[27]\" class=\"wc-block-grid wp-block-product-category wp-block-woocommerce-product-category wc-block-product-category has-3-columns has-multiple-rows\"><ul class=\"wc-block-grid__products\"><li class=\"wc-block-grid__product\">\n\t\t\t\t<a href=\"https:\/\/www.kirmesverein.de\/fanshop\/produkt\/kirmesplakette-2026\/\" class=\"wc-block-grid__product-link\">\n\t\t\t\t\t\n\t\t\t\t\t<div class=\"wc-block-grid__product-image\"><img loading=\"lazy\" decoding=\"async\" width=\"300\" height=\"300\" src=\"https:\/\/www.kirmesverein.de\/fanshop\/wp-content\/uploads\/2026\/04\/kirmesverein-fanshop-kirmesplakette-2026-300x300.jpg\" class=\"attachment-woocommerce_thumbnail size-woocommerce_thumbnail\" alt=\"Kirmesplakette 2026\" srcset=\"https:\/\/www.kirmesverein.de\/fanshop\/wp-content\/uploads\/2026\/04\/kirmesverein-fanshop-kirmesplakette-2026-300x300.jpg 300w, https:\/\/www.kirmesverein.de\/fanshop\/wp-content\/uploads\/2026\/04\/kirmesverein-fanshop-kirmesplakette-2026-1024x1024.jpg 1024w, https:\/\/www.kirmesverein.de\/fanshop\/wp-content\/uploads\/2026\/04\/kirmesverein-fanshop-kirmesplakette-2026-150x150.jpg 150w, https:\/\/www.kirmesverein.de\/fanshop\/wp-content\/uploads\/2026\/04\/kirmesverein-fanshop-kirmesplakette-2026-768x768.jpg 768w, https:\/\/www.kirmesverein.de\/fanshop\/wp-content\/uploads\/2026\/04\/kirmesverein-fanshop-kirmesplakette-2026-24x24.jpg 24w, https:\/\/www.kirmesverein.de\/fanshop\/wp-content\/uploads\/2026\/04\/kirmesverein-fanshop-kirmesplakette-2026-36x36.jpg 36w, https:\/\/www.kirmesverein.de\/fanshop\/wp-content\/uploads\/2026\/04\/kirmesverein-fanshop-kirmesplakette-2026-48x48.jpg 48w, https:\/\/www.kirmesverein.de\/fanshop\/wp-content\/uploads\/2026\/04\/kirmesverein-fanshop-kirmesplakette-2026-600x600.jpg 600w, https:\/\/www.kirmesverein.de\/fanshop\/wp-content\/uploads\/2026\/04\/kirmesverein-fanshop-kirmesplakette-2026-100x100.jpg 100w, https:\/\/www.kirmesverein.de\/fanshop\/wp-content\/uploads\/2026\/04\/kirmesverein-fanshop-kirmesplakette-2026.jpg 1200w\" sizes=\"auto, (max-width: 300px) 100vw, 300px\" \/><\/div>\n\t\t\t\t\t<div class=\"wc-block-grid__product-title\">Kirmesplakette 2026<\/div>\n\t\t\t\t<\/a>\n\t\t\t\t<div class=\"wc-block-grid__product-price price\"><span class=\"woocommerce-Price-amount amount\">1,00&nbsp;<span class=\"woocommerce-Price-currencySymbol\">&euro;<\/span><\/span> <small class=\"woocommerce-price-suffix\">inkl. MwSt.<\/small><\/div>\n\t\t\t\t\n\t\t\t\t<div class=\"wp-block-button wc-block-grid__product-add-to-cart\"><a href=\"\/fanshop\/wp-json\/wp\/v2\/pages\/631?add-to-cart=1398\" aria-label=\"In den Warenkorb legen: \u201eKirmesplakette 2026\u201c\" data-quantity=\"1\" data-product_id=\"1398\" data-product_sku=\"KPL26\" data-price=\"1\" rel=\"nofollow\" class=\"wp-block-button__link  add_to_cart_button ajax_add_to_cart\">In den Warenkorb<\/a><\/div>\n\t\t\t<\/li><li class=\"wc-block-grid__product\">\n\t\t\t\t<a href=\"https:\/\/www.kirmesverein.de\/fanshop\/produkt\/kirmesplakette-2021\/\" class=\"wc-block-grid__product-link\">\n\t\t\t\t\t\n\t\t\t\t\t<div class=\"wc-block-grid__product-image\"><img loading=\"lazy\" decoding=\"async\" width=\"300\" height=\"300\" src=\"https:\/\/www.kirmesverein.de\/fanshop\/wp-content\/uploads\/2021\/04\/kirmesverein-fanshop-kirmesplakette-2021-300x300.jpg\" class=\"attachment-woocommerce_thumbnail size-woocommerce_thumbnail\" alt=\"Kirmesplakette 2021\" srcset=\"https:\/\/www.kirmesverein.de\/fanshop\/wp-content\/uploads\/2021\/04\/kirmesverein-fanshop-kirmesplakette-2021-300x300.jpg 300w, https:\/\/www.kirmesverein.de\/fanshop\/wp-content\/uploads\/2021\/04\/kirmesverein-fanshop-kirmesplakette-2021-1024x1024.jpg 1024w, https:\/\/www.kirmesverein.de\/fanshop\/wp-content\/uploads\/2021\/04\/kirmesverein-fanshop-kirmesplakette-2021-150x150.jpg 150w, https:\/\/www.kirmesverein.de\/fanshop\/wp-content\/uploads\/2021\/04\/kirmesverein-fanshop-kirmesplakette-2021-768x768.jpg 768w, https:\/\/www.kirmesverein.de\/fanshop\/wp-content\/uploads\/2021\/04\/kirmesverein-fanshop-kirmesplakette-2021-24x24.jpg 24w, https:\/\/www.kirmesverein.de\/fanshop\/wp-content\/uploads\/2021\/04\/kirmesverein-fanshop-kirmesplakette-2021-36x36.jpg 36w, https:\/\/www.kirmesverein.de\/fanshop\/wp-content\/uploads\/2021\/04\/kirmesverein-fanshop-kirmesplakette-2021-48x48.jpg 48w, https:\/\/www.kirmesverein.de\/fanshop\/wp-content\/uploads\/2021\/04\/kirmesverein-fanshop-kirmesplakette-2021-600x600.jpg 600w, https:\/\/www.kirmesverein.de\/fanshop\/wp-content\/uploads\/2021\/04\/kirmesverein-fanshop-kirmesplakette-2021-100x100.jpg 100w, https:\/\/www.kirmesverein.de\/fanshop\/wp-content\/uploads\/2021\/04\/kirmesverein-fanshop-kirmesplakette-2021.jpg 1200w\" sizes=\"auto, (max-width: 300px) 100vw, 300px\" \/><\/div>\n\t\t\t\t\t<div class=\"wc-block-grid__product-title\">Kirmesplakette 2021<\/div>\n\t\t\t\t<\/a>\n\t\t\t\t<div class=\"wc-block-grid__product-price price\"><span class=\"woocommerce-Price-amount amount\">1,00&nbsp;<span class=\"woocommerce-Price-currencySymbol\">&euro;<\/span><\/span> <small class=\"woocommerce-price-suffix\">inkl. MwSt.<\/small><\/div>\n\t\t\t\t\n\t\t\t\t<div class=\"wp-block-button wc-block-grid__product-add-to-cart\"><a href=\"\/fanshop\/wp-json\/wp\/v2\/pages\/631?add-to-cart=186\" aria-label=\"In den Warenkorb legen: \u201eKirmesplakette 2021\u201c\" data-quantity=\"1\" data-product_id=\"186\" data-product_sku=\"P2021\" data-price=\"1\" rel=\"nofollow\" class=\"wp-block-button__link  add_to_cart_button ajax_add_to_cart\">In den Warenkorb<\/a><\/div>\n\t\t\t<\/li><\/ul><\/div>\n\n\n<p class=\"has-vivid-red-color has-text-color has-link-color wp-elements-bc4a4e7729f760e2805511e743ca3a06\"><em>Alle Artikel k\u00f6nnen <strong>nach Bestellung &#8211; am n\u00e4chsten Werktag &#8211;<\/strong> (innerhalb der \u00d6ffnungszeiten) bei Euronics Meckel in der Mittelstra\u00dfe 34 (58285 Gevelsberg) abgeholt werden. <mark style=\"background-color:rgba(0, 0, 0, 0)\" class=\"has-inline-color has-luminous-vivid-orange-color\"><\/mark>Bitte beachtet die <a href=\"https:\/\/www.euronics.de\/gevelsberg-meckel\/\" data-type=\"URL\" data-id=\"https:\/\/www.euronics.de\/gevelsberg-meckel\/\" target=\"_blank\" rel=\"noreferrer noopener\">\u00d6ffnungszeiten von Euronics Meckel. (Mo-Fr.: 09:00 &#8211; 13:00 Uhr und 15:00 &#8211; 18:30 Uhr | Sa.: 09:00 &#8211; 13:00 Uhr)<\/a><\/em><\/p>\n","protected":false},"excerpt":{"rendered":"<p>Hol dir das ultimative Sammlerst\u00fcck der schr\u00e4gsten Kirmes in Europa direkt nach Hause! Unsere hochwertigen Plaketten sind das traditionelle Erkennungsmerkmal f\u00fcr echte Fans und geh\u00f6ren an jede stolze Brust oder in die Vitrine. Entdecke die detailreichen Designs, die jedes Jahr aufs Neue die Geschichte unseres Kult-Events erz\u00e4hlen. Sichere dir dein Exemplar und trag ein gl\u00e4nzendes [&hellip;]<\/p>\n","protected":false},"author":1,"featured_media":0,"parent":0,"menu_order":0,"comment_status":"closed","ping_status":"closed","template":"","meta":{"footnotes":""},"class_list":["post-631","page","type-page","status-publish","hentry"],"_links":{"self":[{"href":"https:\/\/www.kirmesverein.de\/fanshop\/wp-json\/wp\/v2\/pages\/631","targetHints":{"allow":["GET"]}}],"collection":[{"href":"https:\/\/www.kirmesverein.de\/fanshop\/wp-json\/wp\/v2\/pages"}],"about":[{"href":"https:\/\/www.kirmesverein.de\/fanshop\/wp-json\/wp\/v2\/types\/page"}],"author":[{"embeddable":true,"href":"https:\/\/www.kirmesverein.de\/fanshop\/wp-json\/wp\/v2\/users\/1"}],"replies":[{"embeddable":true,"href":"https:\/\/www.kirmesverein.de\/fanshop\/wp-json\/wp\/v2\/comments?post=631"}],"version-history":[{"count":0,"href":"https:\/\/www.kirmesverein.de\/fanshop\/wp-json\/wp\/v2\/pages\/631\/revisions"}],"wp:attachment":[{"href":"https:\/\/www.kirmesverein.de\/fanshop\/wp-json\/wp\/v2\/media?parent=631"}],"curies":[{"name":"wp","href":"https:\/\/api.w.org\/{rel}","templated":true}]}}