{"id":624,"date":"2022-05-06T09:18:12","date_gmt":"2022-05-06T07:18:12","guid":{"rendered":"https:\/\/shop.kirmesverein.de\/?page_id=624"},"modified":"2026-04-17T16:02:49","modified_gmt":"2026-04-17T14:02:49","slug":"kirmes-aufkleber","status":"publish","type":"page","link":"https:\/\/www.kirmesverein.de\/fanshop\/kirmes-aufkleber\/","title":{"rendered":"Kirmes-Aufkleber"},"content":{"rendered":"\n<p>Kirmes-Aufkleber f\u00fcr die schr\u00e4gste Kirmes in Europa \u2013 mit unseren hochwertigen Kirmes-Aufklebern bringst du das Kirmes-Feeling \u00fcberallhin! Ob auf dem Auto, dem Laptop oder dem K\u00fchlschrank: Unsere wetterfesten Sticker sind das perfekte Statement f\u00fcr echte Fans des Kult-Events. Entdecke verschiedene Motive, die dein Herz h\u00f6her schlagen lassen und hol dir ein St\u00fcck Heimat zum Aufkleben!<\/p>\n\n\n<div data-block-name=\"woocommerce\/product-category\" data-categories=\"[26]\" class=\"wc-block-grid wp-block-product-category wp-block-woocommerce-product-category wc-block-product-category has-3-columns has-multiple-rows\"><ul class=\"wc-block-grid__products\"><li class=\"wc-block-grid__product\">\n\t\t\t\t<a href=\"https:\/\/www.kirmesverein.de\/fanshop\/produkt\/aufkleber-hammerschmied\/\" class=\"wc-block-grid__product-link\">\n\t\t\t\t\t\n\t\t\t\t\t<div class=\"wc-block-grid__product-image\"><img loading=\"lazy\" decoding=\"async\" width=\"300\" height=\"300\" src=\"https:\/\/www.kirmesverein.de\/fanshop\/wp-content\/uploads\/2023\/06\/kirmesverein-fanshop-aufkleber-hammerschmied-300x300.jpg\" class=\"attachment-woocommerce_thumbnail size-woocommerce_thumbnail\" alt=\"Aufkleber \u201eHammerschmied&quot;\" srcset=\"https:\/\/www.kirmesverein.de\/fanshop\/wp-content\/uploads\/2023\/06\/kirmesverein-fanshop-aufkleber-hammerschmied-300x300.jpg 300w, https:\/\/www.kirmesverein.de\/fanshop\/wp-content\/uploads\/2023\/06\/kirmesverein-fanshop-aufkleber-hammerschmied-1024x1024.jpg 1024w, https:\/\/www.kirmesverein.de\/fanshop\/wp-content\/uploads\/2023\/06\/kirmesverein-fanshop-aufkleber-hammerschmied-150x150.jpg 150w, https:\/\/www.kirmesverein.de\/fanshop\/wp-content\/uploads\/2023\/06\/kirmesverein-fanshop-aufkleber-hammerschmied-768x768.jpg 768w, https:\/\/www.kirmesverein.de\/fanshop\/wp-content\/uploads\/2023\/06\/kirmesverein-fanshop-aufkleber-hammerschmied-24x24.jpg 24w, https:\/\/www.kirmesverein.de\/fanshop\/wp-content\/uploads\/2023\/06\/kirmesverein-fanshop-aufkleber-hammerschmied-36x36.jpg 36w, https:\/\/www.kirmesverein.de\/fanshop\/wp-content\/uploads\/2023\/06\/kirmesverein-fanshop-aufkleber-hammerschmied-48x48.jpg 48w, https:\/\/www.kirmesverein.de\/fanshop\/wp-content\/uploads\/2023\/06\/kirmesverein-fanshop-aufkleber-hammerschmied-600x600.jpg 600w, https:\/\/www.kirmesverein.de\/fanshop\/wp-content\/uploads\/2023\/06\/kirmesverein-fanshop-aufkleber-hammerschmied-100x100.jpg 100w, https:\/\/www.kirmesverein.de\/fanshop\/wp-content\/uploads\/2023\/06\/kirmesverein-fanshop-aufkleber-hammerschmied.jpg 1200w\" sizes=\"auto, (max-width: 300px) 100vw, 300px\" \/><\/div>\n\t\t\t\t\t<div class=\"wc-block-grid__product-title\">Aufkleber \u201eHammerschmied&#8220;<\/div>\n\t\t\t\t<\/a>\n\t\t\t\t<div class=\"wc-block-grid__product-price price\"><span class=\"woocommerce-Price-amount amount\">5,00&nbsp;<span class=\"woocommerce-Price-currencySymbol\">&euro;<\/span><\/span> <small class=\"woocommerce-price-suffix\">inkl. MwSt.<\/small><\/div>\n\t\t\t\t\n\t\t\t\t<div class=\"wp-block-button wc-block-grid__product-add-to-cart\"><a href=\"\/fanshop\/wp-json\/wp\/v2\/pages\/624?add-to-cart=923\" aria-label=\"In den Warenkorb legen: \u201eAufkleber \u201eHammerschmied&quot;\u201c\" data-quantity=\"1\" data-product_id=\"923\" data-product_sku=\"AHS2023\" data-price=\"5\" rel=\"nofollow\" class=\"wp-block-button__link  add_to_cart_button ajax_add_to_cart\">In den Warenkorb<\/a><\/div>\n\t\t\t<\/li><li class=\"wc-block-grid__product\">\n\t\t\t\t<a href=\"https:\/\/www.kirmesverein.de\/fanshop\/produkt\/aufkleber-entdecke-gevelsberg\/\" class=\"wc-block-grid__product-link\">\n\t\t\t\t\t<div class=\"wc-block-grid__product-onsale\">\n\t\t\t<span aria-hidden=\"true\">Angebot<\/span>\n\t\t\t<span class=\"screen-reader-text\">Produkt im Angebot<\/span>\n\t\t<\/div>\n\t\t\t\t\t<div class=\"wc-block-grid__product-image\"><img loading=\"lazy\" decoding=\"async\" width=\"300\" height=\"300\" src=\"https:\/\/www.kirmesverein.de\/fanshop\/wp-content\/uploads\/2022\/05\/kirmesverein-fanshop-aufkleber-entdecke-gevelsberg-300x300.jpg\" class=\"attachment-woocommerce_thumbnail size-woocommerce_thumbnail\" alt=\"Aufkleber \u201eEntdecke Gevelsberg&quot;\" srcset=\"https:\/\/www.kirmesverein.de\/fanshop\/wp-content\/uploads\/2022\/05\/kirmesverein-fanshop-aufkleber-entdecke-gevelsberg-300x300.jpg 300w, https:\/\/www.kirmesverein.de\/fanshop\/wp-content\/uploads\/2022\/05\/kirmesverein-fanshop-aufkleber-entdecke-gevelsberg-1024x1024.jpg 1024w, https:\/\/www.kirmesverein.de\/fanshop\/wp-content\/uploads\/2022\/05\/kirmesverein-fanshop-aufkleber-entdecke-gevelsberg-150x150.jpg 150w, https:\/\/www.kirmesverein.de\/fanshop\/wp-content\/uploads\/2022\/05\/kirmesverein-fanshop-aufkleber-entdecke-gevelsberg-768x768.jpg 768w, https:\/\/www.kirmesverein.de\/fanshop\/wp-content\/uploads\/2022\/05\/kirmesverein-fanshop-aufkleber-entdecke-gevelsberg-24x24.jpg 24w, https:\/\/www.kirmesverein.de\/fanshop\/wp-content\/uploads\/2022\/05\/kirmesverein-fanshop-aufkleber-entdecke-gevelsberg-36x36.jpg 36w, https:\/\/www.kirmesverein.de\/fanshop\/wp-content\/uploads\/2022\/05\/kirmesverein-fanshop-aufkleber-entdecke-gevelsberg-48x48.jpg 48w, https:\/\/www.kirmesverein.de\/fanshop\/wp-content\/uploads\/2022\/05\/kirmesverein-fanshop-aufkleber-entdecke-gevelsberg-600x600.jpg 600w, https:\/\/www.kirmesverein.de\/fanshop\/wp-content\/uploads\/2022\/05\/kirmesverein-fanshop-aufkleber-entdecke-gevelsberg-100x100.jpg 100w, https:\/\/www.kirmesverein.de\/fanshop\/wp-content\/uploads\/2022\/05\/kirmesverein-fanshop-aufkleber-entdecke-gevelsberg.jpg 1200w\" sizes=\"auto, (max-width: 300px) 100vw, 300px\" \/><\/div>\n\t\t\t\t\t<div class=\"wc-block-grid__product-title\">Aufkleber \u201eEntdecke Gevelsberg&#8220;<\/div>\n\t\t\t\t<\/a>\n\t\t\t\t<div class=\"wc-block-grid__product-price price\"><del aria-hidden=\"true\"><span class=\"woocommerce-Price-amount amount\">3,50&nbsp;<span class=\"woocommerce-Price-currencySymbol\">&euro;<\/span><\/span><\/del> <span class=\"screen-reader-text\">Urspr\u00fcnglicher Preis war: 3,50&nbsp;&euro;<\/span><ins aria-hidden=\"true\"><span class=\"woocommerce-Price-amount amount\">1,00&nbsp;<span class=\"woocommerce-Price-currencySymbol\">&euro;<\/span><\/span><\/ins><span class=\"screen-reader-text\">Aktueller Preis ist: 1,00&nbsp;&euro;.<\/span> <small class=\"woocommerce-price-suffix\">inkl. MwSt.<\/small><\/div>\n\t\t\t\t\n\t\t\t\t<div class=\"wp-block-button wc-block-grid__product-add-to-cart\"><a href=\"\/fanshop\/wp-json\/wp\/v2\/pages\/624?add-to-cart=609\" aria-label=\"In den Warenkorb legen: \u201eAufkleber \u201eEntdecke Gevelsberg&quot;\u201c\" data-quantity=\"1\" data-product_id=\"609\" data-product_sku=\"AEG2022\" data-price=\"1\" rel=\"nofollow\" class=\"wp-block-button__link  add_to_cart_button ajax_add_to_cart\">In den Warenkorb<\/a><\/div>\n\t\t\t<\/li><li class=\"wc-block-grid__product\">\n\t\t\t\t<a href=\"https:\/\/www.kirmesverein.de\/fanshop\/produkt\/aufkleber-gevelsberger-kirmes\/\" class=\"wc-block-grid__product-link\">\n\t\t\t\t\t\n\t\t\t\t\t<div class=\"wc-block-grid__product-image\"><img loading=\"lazy\" decoding=\"async\" width=\"300\" height=\"300\" src=\"https:\/\/www.kirmesverein.de\/fanshop\/wp-content\/uploads\/2022\/05\/kirmesverein-fanshop-aufkleber-kirmes-retro-300x300.jpg\" class=\"attachment-woocommerce_thumbnail size-woocommerce_thumbnail\" alt=\"Aufkleber \u201eGevelsberger Kirmes\u201c\" srcset=\"https:\/\/www.kirmesverein.de\/fanshop\/wp-content\/uploads\/2022\/05\/kirmesverein-fanshop-aufkleber-kirmes-retro-300x300.jpg 300w, https:\/\/www.kirmesverein.de\/fanshop\/wp-content\/uploads\/2022\/05\/kirmesverein-fanshop-aufkleber-kirmes-retro-1024x1024.jpg 1024w, https:\/\/www.kirmesverein.de\/fanshop\/wp-content\/uploads\/2022\/05\/kirmesverein-fanshop-aufkleber-kirmes-retro-150x150.jpg 150w, https:\/\/www.kirmesverein.de\/fanshop\/wp-content\/uploads\/2022\/05\/kirmesverein-fanshop-aufkleber-kirmes-retro-768x768.jpg 768w, https:\/\/www.kirmesverein.de\/fanshop\/wp-content\/uploads\/2022\/05\/kirmesverein-fanshop-aufkleber-kirmes-retro-24x24.jpg 24w, https:\/\/www.kirmesverein.de\/fanshop\/wp-content\/uploads\/2022\/05\/kirmesverein-fanshop-aufkleber-kirmes-retro-36x36.jpg 36w, https:\/\/www.kirmesverein.de\/fanshop\/wp-content\/uploads\/2022\/05\/kirmesverein-fanshop-aufkleber-kirmes-retro-48x48.jpg 48w, https:\/\/www.kirmesverein.de\/fanshop\/wp-content\/uploads\/2022\/05\/kirmesverein-fanshop-aufkleber-kirmes-retro-600x600.jpg 600w, https:\/\/www.kirmesverein.de\/fanshop\/wp-content\/uploads\/2022\/05\/kirmesverein-fanshop-aufkleber-kirmes-retro-100x100.jpg 100w, https:\/\/www.kirmesverein.de\/fanshop\/wp-content\/uploads\/2022\/05\/kirmesverein-fanshop-aufkleber-kirmes-retro.jpg 1200w\" sizes=\"auto, (max-width: 300px) 100vw, 300px\" \/><\/div>\n\t\t\t\t\t<div class=\"wc-block-grid__product-title\">Aufkleber \u201eGevelsberger Kirmes\u201c<\/div>\n\t\t\t\t<\/a>\n\t\t\t\t<div class=\"wc-block-grid__product-price price\"><span class=\"woocommerce-Price-amount amount\">1,00&nbsp;<span class=\"woocommerce-Price-currencySymbol\">&euro;<\/span><\/span> <small class=\"woocommerce-price-suffix\">inkl. MwSt.<\/small><\/div>\n\t\t\t\t\n\t\t\t\t<div class=\"wp-block-button wc-block-grid__product-add-to-cart\"><a href=\"\/fanshop\/wp-json\/wp\/v2\/pages\/624?add-to-cart=531\" aria-label=\"In den Warenkorb legen: \u201eAufkleber \u201eGevelsberger Kirmes\u201c\u201c\" data-quantity=\"1\" data-product_id=\"531\" data-product_sku=\"AGK2022\" data-price=\"1\" rel=\"nofollow\" class=\"wp-block-button__link  add_to_cart_button ajax_add_to_cart\">In den Warenkorb<\/a><\/div>\n\t\t\t<\/li><li class=\"wc-block-grid__product\">\n\t\t\t\t<a href=\"https:\/\/www.kirmesverein.de\/fanshop\/produkt\/autoaufkleber-schraegekirmes-de\/\" class=\"wc-block-grid__product-link\">\n\t\t\t\t\t\n\t\t\t\t\t<div class=\"wc-block-grid__product-image\"><img loading=\"lazy\" decoding=\"async\" width=\"300\" height=\"300\" src=\"https:\/\/www.kirmesverein.de\/fanshop\/wp-content\/uploads\/2021\/04\/kirmesverein-fanshop-aufkleber-schraegekirmes-plott-300x300.jpg\" class=\"attachment-woocommerce_thumbnail size-woocommerce_thumbnail\" alt=\"Autoaufkleber &quot;schraegekirmes.de&quot;\" srcset=\"https:\/\/www.kirmesverein.de\/fanshop\/wp-content\/uploads\/2021\/04\/kirmesverein-fanshop-aufkleber-schraegekirmes-plott-300x300.jpg 300w, https:\/\/www.kirmesverein.de\/fanshop\/wp-content\/uploads\/2021\/04\/kirmesverein-fanshop-aufkleber-schraegekirmes-plott-1024x1024.jpg 1024w, https:\/\/www.kirmesverein.de\/fanshop\/wp-content\/uploads\/2021\/04\/kirmesverein-fanshop-aufkleber-schraegekirmes-plott-150x150.jpg 150w, https:\/\/www.kirmesverein.de\/fanshop\/wp-content\/uploads\/2021\/04\/kirmesverein-fanshop-aufkleber-schraegekirmes-plott-768x768.jpg 768w, https:\/\/www.kirmesverein.de\/fanshop\/wp-content\/uploads\/2021\/04\/kirmesverein-fanshop-aufkleber-schraegekirmes-plott-24x24.jpg 24w, https:\/\/www.kirmesverein.de\/fanshop\/wp-content\/uploads\/2021\/04\/kirmesverein-fanshop-aufkleber-schraegekirmes-plott-36x36.jpg 36w, https:\/\/www.kirmesverein.de\/fanshop\/wp-content\/uploads\/2021\/04\/kirmesverein-fanshop-aufkleber-schraegekirmes-plott-48x48.jpg 48w, https:\/\/www.kirmesverein.de\/fanshop\/wp-content\/uploads\/2021\/04\/kirmesverein-fanshop-aufkleber-schraegekirmes-plott-600x600.jpg 600w, https:\/\/www.kirmesverein.de\/fanshop\/wp-content\/uploads\/2021\/04\/kirmesverein-fanshop-aufkleber-schraegekirmes-plott-100x100.jpg 100w, https:\/\/www.kirmesverein.de\/fanshop\/wp-content\/uploads\/2021\/04\/kirmesverein-fanshop-aufkleber-schraegekirmes-plott.jpg 1200w\" sizes=\"auto, (max-width: 300px) 100vw, 300px\" \/><\/div>\n\t\t\t\t\t<div class=\"wc-block-grid__product-title\">Autoaufkleber &#8222;schraegekirmes.de&#8220;<\/div>\n\t\t\t\t<\/a>\n\t\t\t\t<div class=\"wc-block-grid__product-price price\"><span class=\"woocommerce-Price-amount amount\">5,00&nbsp;<span class=\"woocommerce-Price-currencySymbol\">&euro;<\/span><\/span> <small class=\"woocommerce-price-suffix\">inkl. MwSt.<\/small><\/div>\n\t\t\t\t\n\t\t\t\t<div class=\"wp-block-button wc-block-grid__product-add-to-cart\"><a href=\"\/fanshop\/wp-json\/wp\/v2\/pages\/624?add-to-cart=102\" aria-label=\"In den Warenkorb legen: \u201eAutoaufkleber &quot;schraegekirmes.de&quot;\u201c\" data-quantity=\"1\" data-product_id=\"102\" data-product_sku=\"ASK2021\" data-price=\"5\" rel=\"nofollow\" class=\"wp-block-button__link  add_to_cart_button ajax_add_to_cart\">In den Warenkorb<\/a><\/div>\n\t\t\t<\/li><\/ul><\/div>\n\n\n<p class=\"has-vivid-red-color has-text-color has-link-color wp-elements-bc4a4e7729f760e2805511e743ca3a06\"><em>Alle Artikel k\u00f6nnen <strong>nach Bestellung &#8211; am n\u00e4chsten Werktag &#8211;<\/strong> (innerhalb der \u00d6ffnungszeiten) bei Euronics Meckel in der Mittelstra\u00dfe 34 (58285 Gevelsberg) abgeholt werden. <mark style=\"background-color:rgba(0, 0, 0, 0)\" class=\"has-inline-color has-luminous-vivid-orange-color\"><\/mark>Bitte beachtet die <a href=\"https:\/\/www.euronics.de\/gevelsberg-meckel\/\" data-type=\"URL\" data-id=\"https:\/\/www.euronics.de\/gevelsberg-meckel\/\" target=\"_blank\" rel=\"noreferrer noopener\">\u00d6ffnungszeiten von Euronics Meckel. (Mo-Fr.: 09:00 &#8211; 13:00 Uhr und 15:00 &#8211; 18:30 Uhr | Sa.: 09:00 &#8211; 13:00 Uhr)<\/a><\/em><\/p>\n","protected":false},"excerpt":{"rendered":"<p>Kirmes-Aufkleber f\u00fcr die schr\u00e4gste Kirmes in Europa \u2013 mit unseren hochwertigen Kirmes-Aufklebern bringst du das Kirmes-Feeling \u00fcberallhin! Ob auf dem Auto, dem Laptop oder dem K\u00fchlschrank: Unsere wetterfesten Sticker sind das perfekte Statement f\u00fcr echte Fans des Kult-Events. Entdecke verschiedene Motive, die dein Herz h\u00f6her schlagen lassen und hol dir ein St\u00fcck Heimat zum Aufkleben! [&hellip;]<\/p>\n","protected":false},"author":1,"featured_media":0,"parent":0,"menu_order":0,"comment_status":"closed","ping_status":"closed","template":"","meta":{"footnotes":""},"class_list":["post-624","page","type-page","status-publish","hentry"],"_links":{"self":[{"href":"https:\/\/www.kirmesverein.de\/fanshop\/wp-json\/wp\/v2\/pages\/624","targetHints":{"allow":["GET"]}}],"collection":[{"href":"https:\/\/www.kirmesverein.de\/fanshop\/wp-json\/wp\/v2\/pages"}],"about":[{"href":"https:\/\/www.kirmesverein.de\/fanshop\/wp-json\/wp\/v2\/types\/page"}],"author":[{"embeddable":true,"href":"https:\/\/www.kirmesverein.de\/fanshop\/wp-json\/wp\/v2\/users\/1"}],"replies":[{"embeddable":true,"href":"https:\/\/www.kirmesverein.de\/fanshop\/wp-json\/wp\/v2\/comments?post=624"}],"version-history":[{"count":0,"href":"https:\/\/www.kirmesverein.de\/fanshop\/wp-json\/wp\/v2\/pages\/624\/revisions"}],"wp:attachment":[{"href":"https:\/\/www.kirmesverein.de\/fanshop\/wp-json\/wp\/v2\/media?parent=624"}],"curies":[{"name":"wp","href":"https:\/\/api.w.org\/{rel}","templated":true}]}}