{"id":26,"date":"2021-04-27T08:54:58","date_gmt":"2021-04-27T06:54:58","guid":{"rendered":"https:\/\/shop.kirmesverein.de\/?page_id=26"},"modified":"2026-04-17T16:26:12","modified_gmt":"2026-04-17T14:26:12","slug":"startseite","status":"publish","type":"page","link":"https:\/\/www.kirmesverein.de\/fanshop\/","title":{"rendered":"Gevelsberg im Herzen die Kirmes im Blut!"},"content":{"rendered":"\n<figure class=\"wp-block-image alignfull size-large\"><img loading=\"lazy\" decoding=\"async\" width=\"1024\" height=\"561\" src=\"https:\/\/www.kirmesverein.de\/fanshop\/wp-content\/uploads\/2026\/04\/gevelsberger-kirmes-whoooop-whooooop-1024x561.jpg\" alt=\"\" class=\"wp-image-1604\" srcset=\"https:\/\/www.kirmesverein.de\/fanshop\/wp-content\/uploads\/2026\/04\/gevelsberger-kirmes-whoooop-whooooop-1024x561.jpg 1024w, https:\/\/www.kirmesverein.de\/fanshop\/wp-content\/uploads\/2026\/04\/gevelsberger-kirmes-whoooop-whooooop-300x164.jpg 300w, https:\/\/www.kirmesverein.de\/fanshop\/wp-content\/uploads\/2026\/04\/gevelsberger-kirmes-whoooop-whooooop-768x421.jpg 768w, https:\/\/www.kirmesverein.de\/fanshop\/wp-content\/uploads\/2026\/04\/gevelsberger-kirmes-whoooop-whooooop-1536x842.jpg 1536w, https:\/\/www.kirmesverein.de\/fanshop\/wp-content\/uploads\/2026\/04\/gevelsberger-kirmes-whoooop-whooooop-600x329.jpg 600w, https:\/\/www.kirmesverein.de\/fanshop\/wp-content\/uploads\/2026\/04\/gevelsberger-kirmes-whoooop-whooooop.jpg 2048w\" sizes=\"auto, (max-width: 1024px) 100vw, 1024px\" \/><\/figure>\n\n\n\n<div class=\"wp-block-group alignfull is-content-justification-center\" style=\"margin-top:0;margin-bottom:0;padding-top:calc( 0.5 * var(--wp--style--root--padding-right, var(--wp--custom--gap--horizontal)));padding-right:var(--wp--style--root--padding-right, var(--wp--custom--gap--horizontal));padding-bottom:calc( 0.5 * var(--wp--style--root--padding-right, var(--wp--custom--gap--horizontal)));padding-left:var(--wp--style--root--padding-left, var(--wp--custom--gap--horizontal))\"><div class=\"wp-block-group__inner-container is-layout-constrained wp-container-core-group-is-layout-df757ecc wp-block-group-is-layout-constrained\">\n<div style=\"height:calc( 0.25 * var(--wp--style--root--padding-right, var(--wp--custom--gap--horizontal)))\" aria-hidden=\"true\" class=\"wp-block-spacer\"><\/div>\n\n\n\n<div style=\"height:calc( 0.25 * var(--wp--style--root--padding-right, var(--wp--custom--gap--horizontal)))\" aria-hidden=\"true\" class=\"wp-block-spacer\"><\/div>\n<\/div><\/div>\n\n\n\n<div class=\"wp-block-group is-nowrap is-layout-flex wp-container-core-group-is-layout-6c531013 wp-block-group-is-layout-flex\">\n<p>Es ist die&nbsp;\u201eschr\u00e4gste Kirmes Europas\u201c&nbsp;und f\u00fcr uns Gevelsberger die sch\u00f6nste Zeit des Jahres. Wenn die Kirmesgruppen die Wagen bauen und das Dorf zur bunten Meile wird, wissen wir: Hier sind wir zu Hause.<\/p>\n<\/div>\n\n\n\n<p><\/p>\n\n\n\n<p>Dieses einmalige Gef\u00fchl gibt es jetzt f\u00fcr das ganze Jahr. In unserem Fanshop findest du alles, was das Kirmesherz h\u00f6herschlagen l\u00e4sst \u2013 von der traditionellen Gartenfahne bis zur exklusiven Sammeltasse. Hochwertig, leidenschaftlich und echt Gevelsberg. <\/p>\n\n\n\n<h4 class=\"wp-block-heading\">\ud83d\uded2 <strong><a href=\"https:\/\/www.kirmesverein.de\/fanshop\/shop\/\">Hol dir die Kirmes-Tradition nach Hause. Los geht\u2019s!<\/a><\/strong><\/h4>\n","protected":false},"excerpt":{"rendered":"<p>Es ist die&nbsp;\u201eschr\u00e4gste Kirmes Europas\u201c&nbsp;und f\u00fcr uns Gevelsberger die sch\u00f6nste Zeit des Jahres. Wenn die Kirmesgruppen die Wagen bauen und das Dorf zur bunten Meile wird, wissen wir: Hier sind wir zu Hause. Dieses einmalige Gef\u00fchl gibt es jetzt f\u00fcr das ganze Jahr. In unserem Fanshop findest du alles, was das Kirmesherz h\u00f6herschlagen l\u00e4sst \u2013 [&hellip;]<\/p>\n","protected":false},"author":1,"featured_media":0,"parent":0,"menu_order":0,"comment_status":"closed","ping_status":"closed","template":"","meta":{"footnotes":""},"class_list":["post-26","page","type-page","status-publish","hentry"],"_links":{"self":[{"href":"https:\/\/www.kirmesverein.de\/fanshop\/wp-json\/wp\/v2\/pages\/26","targetHints":{"allow":["GET"]}}],"collection":[{"href":"https:\/\/www.kirmesverein.de\/fanshop\/wp-json\/wp\/v2\/pages"}],"about":[{"href":"https:\/\/www.kirmesverein.de\/fanshop\/wp-json\/wp\/v2\/types\/page"}],"author":[{"embeddable":true,"href":"https:\/\/www.kirmesverein.de\/fanshop\/wp-json\/wp\/v2\/users\/1"}],"replies":[{"embeddable":true,"href":"https:\/\/www.kirmesverein.de\/fanshop\/wp-json\/wp\/v2\/comments?post=26"}],"version-history":[{"count":0,"href":"https:\/\/www.kirmesverein.de\/fanshop\/wp-json\/wp\/v2\/pages\/26\/revisions"}],"wp:attachment":[{"href":"https:\/\/www.kirmesverein.de\/fanshop\/wp-json\/wp\/v2\/media?parent=26"}],"curies":[{"name":"wp","href":"https:\/\/api.w.org\/{rel}","templated":true}]}}